{"id":5044,"date":"2017-03-14T17:04:10","date_gmt":"2017-03-14T17:04:10","guid":{"rendered":"http:\/\/www.expologisti-k.com.ar\/como-llegar\/"},"modified":"2017-11-14T19:32:59","modified_gmt":"2017-11-14T19:32:59","slug":"como-chegar","status":"publish","type":"page","link":"https:\/\/www.expologisti-k.com.ar\/br\/como-chegar\/","title":{"rendered":"Como Chegar"},"content":{"rendered":"<div class=\"wpb-content-wrapper\"><p>[vc_row][vc_column width=&#8221;1\/2&#8243;][vc_gmaps link=&#8221;#E-8_JTNDaWZyYW1lJTIwc3JjJTNEJTIyaHR0cHMlM0ElMkYlMkZ3d3cuZ29vZ2xlLmNvbSUyRm1hcHMlMkZlbWJlZCUzRnBiJTNEJTIxMW0xNCUyMTFtOCUyMTFtMyUyMTFkMzI4NS4wMjQ2ODI3MjI4MDI1JTIxMmQtNTguNDIwOTAzJTIxM2QtMzQuNTc4MjQxOTk5OTk5OTk2JTIxM20yJTIxMWkxMDI0JTIxMmk3NjglMjE0ZjEzLjElMjEzbTMlMjExbTIlMjExczB4OTViY2I1OWNkNjQ1MjU1MyUyNTNBMHg2YjUyMTMwN2QxMzUwNTlhJTIxMnNMYSUyQlJ1cmFsJTIxNWUwJTIxM20yJTIxMXNlcy00MTklMjEyc2FyJTIxNHYxNDI5NjQxMDI5MzA4JTIyJTIwd2lkdGglM0QlMjI2MDAlMjIlMjBoZWlnaHQlM0QlMjI0NTAlMjIlMjBmcmFtZWJvcmRlciUzRCUyMjAlMjIlMjBzdHlsZSUzRCUyMmJvcmRlciUzQTAlMjIlMjBhbGxvd2Z1bGxzY3JlZW4lM0UlM0MlMkZpZnJhbWUlM0U=&#8221;][\/vc_column][vc_column width=&#8221;1\/2&#8243;][vc_column_text]<\/p>\n<h2>Como chegar \u00e0 Expo<\/h2>\n<p>[\/vc_column_text][vc_empty_space][vc_separator color=&#8221;custom&#8221; accent_color=&#8221;#f47a20&#8243;][vc_empty_space][vc_column_text]O pr\u00e9dio Ferial La Rural fica no bairro de Palermo da Cidade de Buenos Aires e fica rodeada pelas Avenidas Sarmiento, Col\u00f4mbia e Santa F\u00e9 e a Rua Fray Justo Santa Maria de Oro.[\/vc_column_text][\/vc_column][\/vc_row][vc_row][vc_column width=&#8221;1\/4&#8243;][\/vc_column][vc_column width=&#8221;1\/2&#8243;][vc_empty_space][vc_column_text]<\/p>\n<h2 style=\"text-align: center;\">Indica\u00e7\u00f5es para chegar at\u00e9 o pr\u00e9dio:<\/h2>\n<p>[\/vc_column_text][vc_empty_space][vc_separator color=&#8221;custom&#8221; accent_color=&#8221;#f47a20&#8243;][vc_empty_space][\/vc_column][vc_column width=&#8221;1\/4&#8243;][\/vc_column][\/vc_row][vc_row][vc_column width=&#8221;1\/2&#8243; css=&#8221;.vc_custom_1489511722104{padding-right: 5% !important;}&#8221;][vc_toggle title=&#8221;De Carro&#8221; open=&#8221;true&#8221; el_id=&#8221;1489510878578-ab012490-eb0d&#8221;]O pr\u00e9dio Ferial La Rural fica no bairro de Palermo da Cidade de Buenos Aires e fica rodeada pelas Avenidas Sarmiento, Col\u00f4mbia e Santa F\u00e9 e a Rua Fray Justo Santa Maria de Oro.[\/vc_toggle][vc_toggle title=&#8221;De \u00d4nibus:&#8221; el_id=&#8221;1489511003122-cb2f09b9-4368&#8243;]As seguintes linhas chegam at\u00e9 o pr\u00e9dio: 15, 29, 34, 37, 39, 41, 55, 59, 60, 64, 67, 68, 93, 95, 108, 111, 118, 128, 141, 152, 160, 161, 166[\/vc_toggle][vc_toggle title=&#8221;De Trem:&#8221; el_id=&#8221;1489510967317-19c2e434-458c&#8221;]Linha Mitre (3 de fevereiro), Linha S\u00e3o Mart\u00edn (Palermo)[\/vc_toggle][vc_toggle title=&#8221;De Metro:&#8221; el_id=&#8221;1498557109183-31d62757-a43c&#8221;]Linha D (Esta\u00e7\u00e3o Pra\u00e7a It\u00e1lia)[\/vc_toggle][\/vc_column][vc_column width=&#8221;1\/2&#8243;][vc_toggle title=&#8221;Em Carro desde o Sul:&#8221; el_id=&#8221;1489510946975-275d69c9-197a&#8221;]Entre pela Autopista Buenos Aires-La Plata, pode optar pelas sa\u00eddas 9 de Julho ou Avenida Ing. Huergo at\u00e9 Puerto Madero.<\/p>\n<p>Op\u00e7\u00e3o 9 de Julho: continuar pelo este em dire\u00e7\u00e3o ao rio e o obelisco, quando acaba com a Av. Del Libertador vire \u00e0 esquerda. Ela depois se transformar\u00e1 na Av. Figueroa Alcorta. Continue pelo norte at\u00e9 o monumento ao Gral. Urquiza; vire \u00e0 esquerda pela AV. Sarmiento. Aos 1000 metros estar\u00e1 o pr\u00e9dio.<\/p>\n<p>Op\u00e7\u00e3o Ing. Huergo: pegue pelo norte, a continua\u00e7\u00e3o ser\u00e1 a Av. Eduardo Madero. Na Av. C\u00f3rdoba vire \u00e0 esquerda e continue algumas quadras e vire \u00e0 direita por Leandro N. Alem. Passando a esta\u00e7\u00e3o de tem de Retiro transforma se na Av. Del Libertador. Contin\u00fae o percorrido mencionado anteriormente.[\/vc_toggle][vc_toggle title=&#8221;Em Carro desde o Norte:&#8221; el_id=&#8221;1489510905982-12f2f51c-c45e&#8221;]Por Panamericana, pegue a Av. General Paz na dire\u00e7\u00e3o ao este\/ Rio de la Plata. Continue para o sul pela Autopista Leopoldo Lugones. Antes da ponte, vire \u00e0 direita na Av. Sarmiento e continue direito uns 2000 metros.[\/vc_toggle][vc_toggle title=&#8221;Em Carro desde o Oeste:&#8221; el_id=&#8221;1489510985562-96a5b9c6-596e&#8221;]No caso de ingressar \u00e0 cidade pelo Acesso Oeste, em Liniers tem tr\u00eas op\u00e7\u00f5es.<\/p>\n<p>Op\u00e7\u00e3o Av. Gral. Paz: dirija em dire\u00e7\u00e3o ao rio. Continue pelo norte pela Autopista Leopoldo Lugones. Antes da ponte, vire \u00e0 direita em Av. Sarmiento e continue direito uns 2000 metros.<\/p>\n<p>Op\u00e7\u00e3o Juan B. Justo: dirija a avenida em dire\u00e7\u00e3o ao este\/rio. Ao chegar \u00e0 Av. Santa F\u00e9 \u2013 Ponte Pac\u00edfico, vire \u00e0 direita. \u00c0s poucas quadras encontrar\u00e1 a Pra\u00e7a It\u00e1lia.<\/p>\n<p>Op\u00e7\u00e3o Autopista Mariano Moreno: dirija at\u00e9 se conectar com a Autopista 25 de Maio ate descer na Av. Boedo. Em Colombre vire \u00e0 esquerda e dirija na dire\u00e7\u00e3o este\/rio. Pasando a Av. Rivadavia transforma se na Av. Jer\u00f4nimo Salguero. Ao chegar \u00e0 Av. Las Heras, vire \u00e0 esquerda uns 1000 metros at\u00e9 chegar \u00e0 Pra\u00e7a It\u00e1lia.<\/p>\n<p>O pr\u00e9dio ficar\u00e1 a sua direita.[\/vc_toggle][vc_toggle title=&#8221;Em Carro desde o Sul-Oeste:&#8221; el_id=&#8221;1489510928155-20f69aa4-8669&#8243;]No caso de ingressar a Buenos Aires pela Autopista Ricchieri, pegue a Autopista 25 de Maio at\u00e9 descer na Av. Boedo. Em Colombres vire \u00e0 esquerda e mantenha se na dire\u00e7\u00e3o este\/rio. Passando a Av. Rivadavia transforma se em Jer\u00f4nimo Salguero. Ao chegar \u00e0 Av. Las Heras vire \u00e0 esquerda uns 1000 metros at\u00e9 chegar \u00c0 Pra\u00e7a It\u00e1lia. O pr\u00e9dio fica na sua direita.[\/vc_toggle][\/vc_column][\/vc_row]<\/p>\n<\/div>","protected":false},"excerpt":{"rendered":"<p>[vc_row][vc_column width=&#8221;1\/2&#8243;][vc_gmaps link=&#8221;#E-8_JTNDaWZyYW1lJTIwc3JjJTNEJTIyaHR0cHMlM0ElMkYlMkZ3d3cuZ29vZ2xlLmNvbSUyRm1hcHMlMkZlbWJlZCUzRnBiJTNEJTIxMW0xNCUyMTFtOCUyMTFtMyUyMTFkMzI4NS4wMjQ2ODI3MjI4MDI1JTIxMmQtNTguNDIwOTAzJTIxM2QtMzQuNTc4MjQxOTk5OTk5OTk2JTIxM20yJTIxMWkxMDI0JTIxMmk3NjglMjE0ZjEzLjElMjEzbTMlMjExbTIlMjExczB4OTViY2I1OWNkNjQ1MjU1MyUyNTNBMHg2YjUyMTMwN2QxMzUwNTlhJTIxMnNMYSUyQlJ1cmFsJTIxNWUwJTIxM20yJTIxMXNlcy00MTklMjEyc2FyJTIxNHYxNDI5NjQxMDI5MzA4JTIyJTIwd2lkdGglM0QlMjI2MDAlMjIlMjBoZWlnaHQlM0QlMjI0NTAlMjIlMjBmcmFtZWJvcmRlciUzRCUyMjAlMjIlMjBzdHlsZSUzRCUyMmJvcmRlciUzQTAlMjIlMjBhbGxvd2Z1bGxzY3JlZW4lM0UlM0MlMkZpZnJhbWUlM0U=&#8221;][\/vc_column][vc_column width=&#8221;1\/2&#8243;][vc_column_text] Como chegar \u00e0 Expo [\/vc_column_text][vc_empty_space][vc_separator color=&#8221;custom&#8221; accent_color=&#8221;#f47a20&#8243;][vc_empty_space][vc_column_text]O pr\u00e9dio Ferial La Rural fica no bairro de Palermo da Cidade de Buenos Aires e fica rodeada pelas Avenidas Sarmiento, Col\u00f4mbia e Santa F\u00e9 e a Rua Fray Justo Santa Maria de Oro.[\/vc_column_text][\/vc_column][\/vc_row][vc_row][vc_column width=&#8221;1\/4&#8243;][\/vc_column][vc_column width=&#8221;1\/2&#8243;][vc_empty_space][vc_column_text] Indica\u00e7\u00f5es para chegar at\u00e9 [&hellip;]<\/p>\n","protected":false},"author":1,"featured_media":0,"parent":0,"menu_order":0,"comment_status":"closed","ping_status":"closed","template":"","meta":{"_joinchat":[],"footnotes":""},"class_list":["post-5044","page","type-page","status-publish","hentry"],"_links":{"self":[{"href":"https:\/\/www.expologisti-k.com.ar\/br\/wp-json\/wp\/v2\/pages\/5044","targetHints":{"allow":["GET"]}}],"collection":[{"href":"https:\/\/www.expologisti-k.com.ar\/br\/wp-json\/wp\/v2\/pages"}],"about":[{"href":"https:\/\/www.expologisti-k.com.ar\/br\/wp-json\/wp\/v2\/types\/page"}],"author":[{"embeddable":true,"href":"https:\/\/www.expologisti-k.com.ar\/br\/wp-json\/wp\/v2\/users\/1"}],"replies":[{"embeddable":true,"href":"https:\/\/www.expologisti-k.com.ar\/br\/wp-json\/wp\/v2\/comments?post=5044"}],"version-history":[{"count":0,"href":"https:\/\/www.expologisti-k.com.ar\/br\/wp-json\/wp\/v2\/pages\/5044\/revisions"}],"wp:attachment":[{"href":"https:\/\/www.expologisti-k.com.ar\/br\/wp-json\/wp\/v2\/media?parent=5044"}],"curies":[{"name":"wp","href":"https:\/\/api.w.org\/{rel}","templated":true}]}}