{"id":5055,"date":"2016-07-08T10:38:07","date_gmt":"2016-07-08T10:38:07","guid":{"rendered":"http:\/\/www.expologisti-k.com.ar\/perfil-del-expositor\/"},"modified":"2022-12-01T15:59:51","modified_gmt":"2022-12-01T18:59:51","slug":"perfil-do-expositor","status":"publish","type":"page","link":"https:\/\/www.expologisti-k.com.ar\/br\/perfil-do-expositor\/","title":{"rendered":"Perfil do Expositor"},"content":{"rendered":"<div class=\"wpb-content-wrapper\"><p>[vc_row content_placement=&#8221;middle&#8221; css_animation=&#8221;bounceInLeft&#8221;][vc_column][vc_row_inner content_placement=&#8221;middle&#8221;][vc_column_inner width=&#8221;1\/2&#8243;][vc_custom_heading text=&#8221;Movimento &amp; Eleva\u00e7\u00e3o&#8221; font_container=&#8221;tag:h2|text_align:center|color:%23f47a20&#8243; use_theme_fonts=&#8221;yes&#8221;][tz_list_meetup style_list=&#8221;1&#8243;][tz_list_meetup_item icon_font=&#8221;fa-check&#8221; color_icon_font=&#8221;#939393&#8243; title_list=&#8221;Empilhadeiras: combust\u00edvel, el\u00e9tricos, pe\u00e7as, repara\u00e7\u00e3o e acess\u00f3rios, aluguel, baterias e carregadores.&#8221;][tz_list_meetup_item icon_font=&#8221;fa-check&#8221; color_icon_font=&#8221;#939393&#8243; title_list=&#8221;Guindastes, plataformas de eleva\u00e7\u00e3o e torres de eleva\u00e7\u00e3o&#8221;][tz_list_meetup_item icon_font=&#8221;fa-check&#8221; color_icon_font=&#8221;#939393&#8243; title_list=&#8221;Pneus para empilhadeiras e ve\u00edculos industriais.&#8221;][tz_list_meetup_item icon_font=&#8221;fa-check&#8221; color_icon_font=&#8221;#939393&#8243; title_list=&#8221;Transpaletes hidr\u00e1ulicos e el\u00e9tricos.&#8221;][tz_list_meetup_item icon_font=&#8221;fa-check&#8221; color_icon_font=&#8221;#939393&#8243; title_list=&#8221;Ve\u00edculos e carros industriais manuais, el\u00e9tricos.&#8221;][\/tz_list_meetup][\/vc_column_inner][vc_column_inner width=&#8221;1\/2&#8243;][vc_custom_heading text=&#8221;Embalagens&#8221; font_container=&#8221;tag:h2|text_align:center|color:%23f47a20&#8243; use_theme_fonts=&#8221;yes&#8221;][tz_list_meetup style_list=&#8221;1&#8243;][tz_list_meetup_item icon_font=&#8221;fa-check&#8221; color_icon_font=&#8221;#939393&#8243; title_list=&#8221;Container mar\u00edtimo: aluguel&#8221;][tz_list_meetup_item icon_font=&#8221;fa-check&#8221; color_icon_font=&#8221;#939393&#8243; title_list=&#8221;Container: pl\u00e1sticos, cart\u00e3o, madeira, big bags.&#8221;][tz_list_meetup_item icon_font=&#8221;fa-check&#8221; color_icon_font=&#8221;#939393&#8243; title_list=&#8221;Materiais de sujei\u00e7\u00e3o de carga.&#8221;][tz_list_meetup_item icon_font=&#8221;fa-check&#8221; color_icon_font=&#8221;#939393&#8243; title_list=&#8221;Insumos de embalagem: film, palete, paletizadoras, pressinto, zuncho, zunchadoras.&#8221;][\/tz_list_meetup][\/vc_column_inner][\/vc_row_inner][vc_row_inner content_placement=&#8221;middle&#8221;][vc_column_inner width=&#8221;1\/2&#8243;][vc_custom_heading text=&#8221;Armazenagem &amp; Carga&#8221; font_container=&#8221;tag:h2|text_align:center|color:%23f47a20&#8243; use_theme_fonts=&#8221;yes&#8221;][tz_list_meetup style_list=&#8221;1&#8243;][tz_list_meetup_item icon_font=&#8221;fa-check&#8221; color_icon_font=&#8221;#939393&#8243; title_list=&#8221;Armazenem verticais&#8221;][tz_list_meetup_item icon_font=&#8221;fa-check&#8221; color_icon_font=&#8221;#939393&#8243; title_list=&#8221;Estantes, racks e andaimes&#8221;][tz_list_meetup_item icon_font=&#8221;fa-check&#8221; color_icon_font=&#8221;#939393&#8243; title_list=&#8221;Sistemas automatizados de armazenagem: AS-RS&#8221;][\/tz_list_meetup][vc_custom_heading text=&#8221;Management &amp; Servi\u00e7os&#8221; font_container=&#8221;tag:h2|text_align:center|color:%23f47a20&#8243; use_theme_fonts=&#8221;yes&#8221;][tz_list_meetup style_list=&#8221;1&#8243;][tz_list_meetup_item icon_font=&#8221;fa-check&#8221; color_icon_font=&#8221;#939393&#8243; title_list=&#8221;Automatiza\u00e7\u00e3o de processos e controle&#8221;][tz_list_meetup_item icon_font=&#8221;fa-check&#8221; color_icon_font=&#8221;#939393&#8243; title_list=&#8221;Consultoria&#8221;][tz_list_meetup_item icon_font=&#8221;fa-check&#8221; color_icon_font=&#8221;#939393&#8243; title_list=&#8221;Educa\u00e7\u00e3o, profissionaliza\u00e7\u00e3o e capacita\u00e7\u00e3o&#8221;][tz_list_meetup_item icon_font=&#8221;fa-check&#8221; color_icon_font=&#8221;#939393&#8243; title_list=&#8221;Parque log\u00edstico e industrial&#8221;][tz_list_meetup_item icon_font=&#8221;fa-check&#8221; color_icon_font=&#8221;#939393&#8243; title_list=&#8221;Operador log\u00edstico, transporte e distribui\u00e7\u00e3o&#8221;][tz_list_meetup_item icon_font=&#8221;fa-check&#8221; color_icon_font=&#8221;#939393&#8243; title_list=&#8221;Dep\u00f3sitos fiscais, portos&#8221;][tz_list_meetup_item icon_font=&#8221;fa-check&#8221; color_icon_font=&#8221;#939393&#8243; title_list=&#8221;Imobili\u00e1ria, im\u00f3veis industriais&#8221;][tz_list_meetup_item icon_font=&#8221;fa-check&#8221; color_icon_font=&#8221;#939393&#8243; title_list=&#8221;Recursos humanos, pessoal casual&#8221;][tz_list_meetup_item icon_font=&#8221;fa-check&#8221; color_icon_font=&#8221;#939393&#8243; title_list=&#8221;Servi\u00e7os integrais de comercio exterior&#8221;][\/tz_list_meetup][vc_custom_heading text=&#8221;Ve\u00edculos Comercias&#8221; font_container=&#8221;tag:h2|text_align:center|color:%23f47a20&#8243; use_theme_fonts=&#8221;yes&#8221;][tz_list_meetup style_list=&#8221;1&#8243;][tz_list_meetup_item icon_font=&#8221;fa-check&#8221; color_icon_font=&#8221;#939393&#8243; title_list=&#8221;Caminh\u00f5es, reboques e utilit\u00e1rios&#8221;][\/tz_list_meetup][\/vc_column_inner][vc_column_inner width=&#8221;1\/2&#8243;][vc_custom_heading text=&#8221;Log\u00edstico IT&#8221; font_container=&#8221;tag:h2|text_align:center|color:%23f47a20&#8243; use_theme_fonts=&#8221;yes&#8221;][tz_list_meetup style_list=&#8221;1&#8243;][tz_list_meetup_item icon_font=&#8221;fa-check&#8221; color_icon_font=&#8221;#939393&#8243; title_list=&#8221;C\u00f3digo de identifica\u00e7\u00e3o&#8221;][tz_list_meetup_item icon_font=&#8221;fa-check&#8221; color_icon_font=&#8221;#939393&#8243; title_list=&#8221;EDI, POS, EPC&#8221;][tz_list_meetup_item icon_font=&#8221;fa-check&#8221; color_icon_font=&#8221;#939393&#8243; title_list=&#8221;Rotuladoras, etiquetas, fitas e outros insumos&#8221;][tz_list_meetup_item icon_font=&#8221;fa-check&#8221; color_icon_font=&#8221;#939393&#8243; title_list=&#8221;Leitoras, impressoras e scanners&#8221;][tz_list_meetup_item icon_font=&#8221;fa-check&#8221; color_icon_font=&#8221;#939393&#8243; title_list=&#8221;\u2022 Monitoramento satelital, GPS&#8221;][tz_list_meetup_item icon_font=&#8221;fa-check&#8221; color_icon_font=&#8221;#939393&#8243; title_list=&#8221;RFID&#8221;][tz_list_meetup_item icon_font=&#8221;fa-check&#8221; color_icon_font=&#8221;#939393&#8243; title_list=&#8221;Sistemas de ERP, ASP, WMS, TMS&#8221;][tz_list_meetup_item icon_font=&#8221;fa-check&#8221; color_icon_font=&#8221;#939393&#8243; title_list=&#8221;Sistemas de servi\u00e7os de seguran\u00e7a&#8221;][tz_list_meetup_item icon_font=&#8221;fa-check&#8221; color_icon_font=&#8221;#939393&#8243; title_list=&#8221;Sistemas picking: light, voice, imagem&#8221;][\/tz_list_meetup][vc_custom_heading text=&#8221;Infra-estrutura &amp; Constru\u00e7\u00e3o&#8221; font_container=&#8221;tag:h2|text_align:center|color:%23f47a20&#8243; use_theme_fonts=&#8221;yes&#8221;][tz_list_meetup style_list=&#8221;1&#8243;][tz_list_meetup_item icon_font=&#8221;fa-check&#8221; color_icon_font=&#8221;#939393&#8243; title_list=&#8221;Dep\u00f3sitos&#8221;][tz_list_meetup_item icon_font=&#8221;fa-check&#8221; color_icon_font=&#8221;#939393&#8243; title_list=&#8221;Ilumina\u00e7\u00e3o industrial&#8221;][tz_list_meetup_item icon_font=&#8221;fa-check&#8221; color_icon_font=&#8221;#939393&#8243; title_list=&#8221;M\u00e1quinas de limpeza industrial&#8221;][tz_list_meetup_item icon_font=&#8221;fa-check&#8221; color_icon_font=&#8221;#939393&#8243; title_list=&#8221;Rampas: niveladoras de cargas m\u00f3veis&#8221;][tz_list_meetup_item icon_font=&#8221;fa-check&#8221; color_icon_font=&#8221;#939393&#8243; title_list=&#8221;Portas e port\u00f5es; divis\u00f3rias e sec\u00e7\u00f5es&#8221;][tz_list_meetup_item icon_font=&#8221;fa-check&#8221; color_icon_font=&#8221;#939393&#8243; title_list=&#8221;Pisos industriais&#8221;][\/tz_list_meetup][\/vc_column_inner][\/vc_row_inner][vc_empty_space height=&#8221;64px&#8221;][\/vc_column][\/vc_row][vc_row][vc_column width=&#8221;1\/2&#8243;][vc_custom_heading text=&#8221;\u203a Objetivos&#8221; font_container=&#8221;tag:h2|text_align:center|color:%23f47a20&#8243; google_fonts=&#8221;font_family:Lato%3A100%2C100italic%2C300%2C300italic%2Cregular%2Citalic%2C700%2C700italic%2C900%2C900italic|font_style:400%20regular%3A400%3Anormal&#8221;][vc_empty_space][vc_separator color=&#8221;custom&#8221; accent_color=&#8221;#f47a20&#8243; css=&#8221;.vc_custom_1489174043328{padding-bottom: 5px !important;}&#8221;][vc_row_inner][vc_column_inner width=&#8221;1\/4&#8243;][vc_column_text]<\/p>\n<p style=\"padding-top: 10px;\"><span style=\"font-size: 45px; color: #f47a20; font-weight: 600;\">94%<\/span><\/p>\n<p>[\/vc_column_text][\/vc_column_inner][vc_column_inner width=&#8221;3\/4&#8243;][vc_column_text]<span style=\"color: #f47a20; font-size: 16px; font-weight: 800;\">Cumprimentos dos objetivos<\/span>[\/vc_column_text][\/vc_column_inner][\/vc_row_inner][vc_separator color=&#8221;custom&#8221; accent_color=&#8221;#f47a20&#8243;][vc_row_inner][vc_column_inner width=&#8221;1\/4&#8243;][vc_column_text]<\/p>\n<p style=\"padding-top: 10px;\"><span style=\"font-size: 45px; color: #f47a20; font-weight: 600;\">97%<\/span><\/p>\n<p>[\/vc_column_text][\/vc_column_inner][vc_column_inner width=&#8221;3\/4&#8243;][vc_column_text]<\/p>\n<h3 style=\"color: #f47a20; font-size: 16px; font-weight: 800;\">Satisfa\u00e7\u00e3o com a Expo<\/h3>\n<p>[\/vc_column_text][\/vc_column_inner][\/vc_row_inner][\/vc_column][vc_column width=&#8221;1\/2&#8243;][vc_custom_heading text=&#8221;\u203a Satisfa\u00e7\u00e3o&#8221; font_container=&#8221;tag:h2|text_align:center|color:%23f47a20&#8243; google_fonts=&#8221;font_family:Lato%3A100%2C100italic%2C300%2C300italic%2Cregular%2Citalic%2C700%2C700italic%2C900%2C900italic|font_style:400%20regular%3A400%3Anormal&#8221;][vc_empty_space][vc_separator color=&#8221;custom&#8221; accent_color=&#8221;#f47a20&#8243; css=&#8221;.vc_custom_1489174043328{padding-bottom: 5px !important;}&#8221;][vc_row_inner][vc_column_inner width=&#8221;1\/4&#8243;][vc_column_text]<\/p>\n<p style=\"padding-top: 10px;\"><span style=\"font-size: 45px; color: #f47a20; font-weight: 600;\">95%<\/span><\/p>\n<p>[\/vc_column_text][\/vc_column_inner][vc_column_inner width=&#8221;3\/4&#8243;][vc_column_text]<span style=\"color: #f47a20; font-size: 16px; font-weight: 800;\">Satisfa\u00e7\u00e3o quantidade dos Visitantes<\/span>[\/vc_column_text][\/vc_column_inner][\/vc_row_inner][vc_separator color=&#8221;custom&#8221; accent_color=&#8221;#f47a20&#8243;][vc_row_inner][vc_column_inner width=&#8221;1\/4&#8243;][vc_column_text]<\/p>\n<p style=\"padding-top: 10px;\"><span style=\"font-size: 45px; color: #f47a20; font-weight: 600;\">98%<\/span><\/p>\n<p>[\/vc_column_text][\/vc_column_inner][vc_column_inner width=&#8221;3\/4&#8243;][vc_column_text]<\/p>\n<h3 style=\"color: #f47a20; font-size: 16px; font-weight: 800;\">Satisfa\u00e7\u00e3o qualidade dos Visitantes<\/h3>\n<p>[\/vc_column_text][\/vc_column_inner][\/vc_row_inner][\/vc_column][\/vc_row]<\/p>\n<\/div>","protected":false},"excerpt":{"rendered":"<p>[vc_row content_placement=&#8221;middle&#8221; css_animation=&#8221;bounceInLeft&#8221;][vc_column][vc_row_inner content_placement=&#8221;middle&#8221;][vc_column_inner width=&#8221;1\/2&#8243;][vc_custom_heading text=&#8221;Movimento &amp; Eleva\u00e7\u00e3o&#8221; font_container=&#8221;tag:h2|text_align:center|color:%23f47a20&#8243; use_theme_fonts=&#8221;yes&#8221;][tz_list_meetup style_list=&#8221;1&#8243;][tz_list_meetup_item icon_font=&#8221;fa-check&#8221; color_icon_font=&#8221;#939393&#8243; title_list=&#8221;Empilhadeiras: combust\u00edvel, el\u00e9tricos, pe\u00e7as, repara\u00e7\u00e3o e acess\u00f3rios, aluguel, baterias e carregadores.&#8221;][tz_list_meetup_item icon_font=&#8221;fa-check&#8221; color_icon_font=&#8221;#939393&#8243; title_list=&#8221;Guindastes, plataformas de eleva\u00e7\u00e3o e torres de eleva\u00e7\u00e3o&#8221;][tz_list_meetup_item icon_font=&#8221;fa-check&#8221; color_icon_font=&#8221;#939393&#8243; title_list=&#8221;Pneus para empilhadeiras e ve\u00edculos industriais.&#8221;][tz_list_meetup_item icon_font=&#8221;fa-check&#8221; color_icon_font=&#8221;#939393&#8243; title_list=&#8221;Transpaletes hidr\u00e1ulicos e el\u00e9tricos.&#8221;][tz_list_meetup_item icon_font=&#8221;fa-check&#8221; color_icon_font=&#8221;#939393&#8243; [&hellip;]<\/p>\n","protected":false},"author":1,"featured_media":0,"parent":0,"menu_order":0,"comment_status":"closed","ping_status":"closed","template":"","meta":{"_joinchat":[],"footnotes":""},"class_list":["post-5055","page","type-page","status-publish","hentry"],"_links":{"self":[{"href":"https:\/\/www.expologisti-k.com.ar\/br\/wp-json\/wp\/v2\/pages\/5055","targetHints":{"allow":["GET"]}}],"collection":[{"href":"https:\/\/www.expologisti-k.com.ar\/br\/wp-json\/wp\/v2\/pages"}],"about":[{"href":"https:\/\/www.expologisti-k.com.ar\/br\/wp-json\/wp\/v2\/types\/page"}],"author":[{"embeddable":true,"href":"https:\/\/www.expologisti-k.com.ar\/br\/wp-json\/wp\/v2\/users\/1"}],"replies":[{"embeddable":true,"href":"https:\/\/www.expologisti-k.com.ar\/br\/wp-json\/wp\/v2\/comments?post=5055"}],"version-history":[{"count":1,"href":"https:\/\/www.expologisti-k.com.ar\/br\/wp-json\/wp\/v2\/pages\/5055\/revisions"}],"predecessor-version":[{"id":8704,"href":"https:\/\/www.expologisti-k.com.ar\/br\/wp-json\/wp\/v2\/pages\/5055\/revisions\/8704"}],"wp:attachment":[{"href":"https:\/\/www.expologisti-k.com.ar\/br\/wp-json\/wp\/v2\/media?parent=5055"}],"curies":[{"name":"wp","href":"https:\/\/api.w.org\/{rel}","templated":true}]}}