{"id":5057,"date":"2017-03-13T18:41:01","date_gmt":"2017-03-13T18:41:01","guid":{"rendered":"http:\/\/www.expologisti-k.com.ar\/perfil-del-visitante\/"},"modified":"2025-08-01T16:46:10","modified_gmt":"2025-08-01T19:46:10","slug":"perfil-del-visitante","status":"publish","type":"page","link":"https:\/\/www.expologisti-k.com.ar\/br\/perfil-del-visitante\/","title":{"rendered":"Perfil do Visitante"},"content":{"rendered":"<div class=\"wpb-content-wrapper\"><p>[vc_row content_placement=&#8221;middle&#8221; css_animation=&#8221;bounceInLeft&#8221;][vc_column][vc_custom_heading text=&#8221;Os Profissionais da Log\u00edstica e da Cadeia de Abastecimento&#8221; font_container=&#8221;tag:h2|text_align:center&#8221; use_theme_fonts=&#8221;yes&#8221;][vc_row_inner content_placement=&#8221;middle&#8221;][vc_column_inner width=&#8221;1\/2&#8243;][tz_list_meetup style_list=&#8221;1&#8243;][tz_list_meetup_item icon_font=&#8221;fa-check&#8221; color_icon_font=&#8221;#939393&#8243; title_list=&#8221;Armazenamento&#8221;][tz_list_meetup_item icon_font=&#8221;fa-check&#8221; color_icon_font=&#8221;#939393&#8243; title_list=&#8221;Centro de Distribui\u00e7\u00e3o &#8211; Distribuidoras&#8221;][tz_list_meetup_item icon_font=&#8221;fa-check&#8221; color_icon_font=&#8221;#939393&#8243; title_list=&#8221;Loja Atacadista&#8221;][tz_list_meetup_item icon_font=&#8221;fa-check&#8221; color_icon_font=&#8221;#939393&#8243; title_list=&#8221;Loja Varejista&#8221;][tz_list_meetup_item icon_font=&#8221;fa-check&#8221; color_icon_font=&#8221;#939393&#8243; title_list=&#8221;Empresas de constru\u00e7\u00e3o&#8221;][tz_list_meetup_item icon_font=&#8221;fa-check&#8221; color_icon_font=&#8221;#939393&#8243; title_list=&#8221;Consultoria&#8221;][tz_list_meetup_item icon_font=&#8221;fa-check&#8221; color_icon_font=&#8221;#939393&#8243; title_list=&#8221;Dep\u00f3sito Industrial&#8221;][tz_list_meetup_item icon_font=&#8221;fa-check&#8221; color_icon_font=&#8221;#939393&#8243; title_list=&#8221;Ind\u00fastria eletr\u00f4nica&#8221;][tz_list_meetup_item icon_font=&#8221;fa-check&#8221; color_icon_font=&#8221;#939393&#8243; title_list=&#8221;Ind. Farmac\u00eautica&#8221;][tz_list_meetup_item icon_font=&#8221;fa-check&#8221; color_icon_font=&#8221;#939393&#8243; title_list=&#8221;Governamentais &#8211; Empresas Estatais &#8211; Servi\u00e7os P\u00fablicos&#8221;][tz_list_meetup_item icon_font=&#8221;fa-check&#8221; color_icon_font=&#8221;#939393&#8243; title_list=&#8221;Laborat\u00f3rios&#8221;][tz_list_meetup_item icon_font=&#8221;fa-check&#8221; color_icon_font=&#8221;#939393&#8243; title_list=&#8221;Banco \/ Finaceira \/ Seguros&#8221;][tz_list_meetup_item icon_font=&#8221;fa-check&#8221; color_icon_font=&#8221;#939393&#8243; title_list=&#8221;Servi\u00e7os P\u00fablicos&#8221;][tz_list_meetup_item icon_font=&#8221;fa-check&#8221; color_icon_font=&#8221;#939393&#8243; title_list=&#8221;Telecomunica\u00e7\u00f5es&#8221;][\/tz_list_meetup][\/vc_column_inner][vc_column_inner width=&#8221;1\/2&#8243;][tz_list_meetup style_list=&#8221;1&#8243;][tz_list_meetup_item icon_font=&#8221;fa-check&#8221; color_icon_font=&#8221;#939393&#8243; title_list=&#8221;Energia \/ G\u00e1s \/ Petr\u00f3leo&#8221;][tz_list_meetup_item icon_font=&#8221;fa-check&#8221; color_icon_font=&#8221;#939393&#8243; title_list=&#8221;Computing \u2013 IT&#8221;][tz_list_meetup_item icon_font=&#8221;fa-check&#8221; color_icon_font=&#8221;#939393&#8243; title_list=&#8221;Expo &#8211; Impo&#8221;][tz_list_meetup_item icon_font=&#8221;fa-check&#8221; color_icon_font=&#8221;#939393&#8243; title_list=&#8221;Frigor\u00edfico&#8221;][tz_list_meetup_item icon_font=&#8221;fa-check&#8221; color_icon_font=&#8221;#939393&#8243; title_list=&#8221;Ind. Alimentar&#8221;][tz_list_meetup_item icon_font=&#8221;fa-check&#8221; color_icon_font=&#8221;#939393&#8243; title_list=&#8221;Ind. Automovil\u00edstica&#8221;][tz_list_meetup_item icon_font=&#8221;fa-check&#8221; color_icon_font=&#8221;#939393&#8243; title_list=&#8221;Ind. Forestal&#8221;][tz_list_meetup_item icon_font=&#8221;fa-check&#8221; color_icon_font=&#8221;#939393&#8243; title_list=&#8221;Ind. Metal\u00fcrgica&#8221;][tz_list_meetup_item icon_font=&#8221;fa-check&#8221; color_icon_font=&#8221;#939393&#8243; title_list=&#8221;Ind. da Minera\u00e7\u00e3o&#8221;][tz_list_meetup_item icon_font=&#8221;fa-check&#8221; color_icon_font=&#8221;#939393&#8243; title_list=&#8221;Ind. T\u00eaxtil&#8221;][tz_list_meetup_item icon_font=&#8221;fa-check&#8221; color_icon_font=&#8221;#939393&#8243; title_list=&#8221;Linha A\u00e9rea \/ de Navios&#8221;][tz_list_meetup_item icon_font=&#8221;fa-check&#8221; color_icon_font=&#8221;#939393&#8243; title_list=&#8221;Metalmec\u00e2nica&#8221;][tz_list_meetup_item icon_font=&#8221;fa-check&#8221; color_icon_font=&#8221;#939393&#8243; title_list=&#8221;Parque Industrial &amp; Log\u00edsticos&#8221;][tz_list_meetup_item icon_font=&#8221;fa-check&#8221; color_icon_font=&#8221;#939393&#8243; title_list=&#8221;Supermercados \/ Hipermercados&#8221;][\/tz_list_meetup][\/vc_column_inner][\/vc_row_inner][vc_empty_space height=&#8221;64px&#8221;][\/vc_column][\/vc_row][vc_row][vc_column][vc_custom_heading text=&#8221;\u203a N\u00fameros&#8221; font_container=&#8221;tag:h2|text_align:center|color:%23f47a20&#8243; google_fonts=&#8221;font_family:Lato%3A100%2C100italic%2C300%2C300italic%2Cregular%2Citalic%2C700%2C700italic%2C900%2C900italic|font_style:400%20regular%3A400%3Anormal&#8221;][vc_empty_space][vc_separator color=&#8221;custom&#8221; el_width=&#8221;50&#8243; accent_color=&#8221;#f47a20&#8243; css=&#8221;.vc_custom_1489432822436{padding-bottom: 5px !important;}&#8221;][vc_row_inner][vc_column_inner width=&#8221;1\/4&#8243;][\/vc_column_inner][vc_column_inner width=&#8221;1\/4&#8243;][vc_column_text]<\/p>\n<p style=\"padding-top: 10px;\"><span style=\"font-size: 45px; color: #f47a20; font-weight: 600;\">24.780<\/span><\/p>\n<p>[\/vc_column_text][\/vc_column_inner][vc_column_inner width=&#8221;1\/4&#8243;][vc_column_text]<span style=\"color: #f47a20; font-size: 16px; font-weight: 800;\">N\u00famero de visitantes<\/span>[\/vc_column_text][\/vc_column_inner][vc_column_inner width=&#8221;1\/4&#8243;][\/vc_column_inner][\/vc_row_inner][vc_separator color=&#8221;custom&#8221; el_width=&#8221;50&#8243; accent_color=&#8221;#f47a20&#8243;][vc_row_inner][vc_column_inner width=&#8221;1\/4&#8243;][\/vc_column_inner][vc_column_inner width=&#8221;1\/4&#8243;][vc_column_text]<\/p>\n<p style=\"padding-top: 10px;\"><span style=\"font-size: 45px; color: #f47a20; font-weight: 600;\">88%<\/span><\/p>\n<p>[\/vc_column_text][\/vc_column_inner][vc_column_inner width=&#8221;1\/4&#8243;][vc_column_text]<span style=\"color: #f47a20; font-size: 16px; font-weight: 800;\">Participam na decis\u00e3o de compra<\/span>[\/vc_column_text][\/vc_column_inner][vc_column_inner width=&#8221;1\/4&#8243;][\/vc_column_inner][\/vc_row_inner][vc_separator color=&#8221;custom&#8221; el_width=&#8221;50&#8243; accent_color=&#8221;#f47a20&#8243;][vc_row_inner][vc_column_inner width=&#8221;1\/4&#8243;][\/vc_column_inner][vc_column_inner width=&#8221;1\/4&#8243;][vc_column_text]<\/p>\n<p style=\"padding-top: 10px;\"><span style=\"font-size: 45px; color: #f47a20; font-weight: 600;\">99%<\/span><\/p>\n<p>[\/vc_column_text][\/vc_column_inner][vc_column_inner width=&#8221;1\/4&#8243;][vc_column_text]<span style=\"color: #f47a20; font-size: 16px; font-weight: 800;\">Satisfa\u00e7\u00e3o com a Expo<\/span>[\/vc_column_text][\/vc_column_inner][vc_column_inner width=&#8221;1\/4&#8243;][\/vc_column_inner][\/vc_row_inner][vc_separator color=&#8221;custom&#8221; el_width=&#8221;50&#8243; accent_color=&#8221;#f47a20&#8243;][vc_row_inner][vc_column_inner width=&#8221;1\/4&#8243;][\/vc_column_inner][vc_column_inner width=&#8221;1\/4&#8243;][vc_column_text]<\/p>\n<p style=\"padding-top: 10px;\"><span style=\"font-size: 45px; color: #f47a20; font-weight: 600;\">95%<\/span><\/p>\n<p>[\/vc_column_text][\/vc_column_inner][vc_column_inner width=&#8221;1\/4&#8243;][vc_column_text]<span style=\"color: #f47a20; font-size: 16px; font-weight: 800;\">Vai visitar a pr\u00f3xima edi\u00e7\u00e3o<\/span>[\/vc_column_text][\/vc_column_inner][vc_column_inner width=&#8221;1\/4&#8243;][\/vc_column_inner][\/vc_row_inner][vc_separator color=&#8221;custom&#8221; el_width=&#8221;50&#8243; accent_color=&#8221;#f47a20&#8243;][vc_row_inner][vc_column_inner width=&#8221;1\/4&#8243;][\/vc_column_inner][vc_column_inner width=&#8221;1\/4&#8243;][vc_column_text]<\/p>\n<p style=\"padding-top: 10px;\"><span style=\"font-size: 45px; color: #f47a20; font-weight: 600;\">95%<\/span><\/p>\n<p>[\/vc_column_text][\/vc_column_inner][vc_column_inner width=&#8221;1\/4&#8243;][vc_column_text]<span style=\"color: #f47a20; font-size: 16px; font-weight: 800;\">Satisfa\u00e7\u00e3o qualidade dos Expositores<\/span>[\/vc_column_text][\/vc_column_inner][vc_column_inner width=&#8221;1\/4&#8243;][\/vc_column_inner][\/vc_row_inner][vc_separator color=&#8221;custom&#8221; el_width=&#8221;50&#8243; accent_color=&#8221;#f47a20&#8243;][\/vc_column][\/vc_row]<\/p>\n<\/div>","protected":false},"excerpt":{"rendered":"<p>[vc_row content_placement=&#8221;middle&#8221; css_animation=&#8221;bounceInLeft&#8221;][vc_column][vc_custom_heading text=&#8221;Os Profissionais da Log\u00edstica e da Cadeia de Abastecimento&#8221; font_container=&#8221;tag:h2|text_align:center&#8221; use_theme_fonts=&#8221;yes&#8221;][vc_row_inner content_placement=&#8221;middle&#8221;][vc_column_inner width=&#8221;1\/2&#8243;][tz_list_meetup style_list=&#8221;1&#8243;][tz_list_meetup_item icon_font=&#8221;fa-check&#8221; color_icon_font=&#8221;#939393&#8243; title_list=&#8221;Armazenamento&#8221;][tz_list_meetup_item icon_font=&#8221;fa-check&#8221; color_icon_font=&#8221;#939393&#8243; title_list=&#8221;Centro de Distribui\u00e7\u00e3o &#8211; Distribuidoras&#8221;][tz_list_meetup_item icon_font=&#8221;fa-check&#8221; color_icon_font=&#8221;#939393&#8243; title_list=&#8221;Loja Atacadista&#8221;][tz_list_meetup_item icon_font=&#8221;fa-check&#8221; color_icon_font=&#8221;#939393&#8243; title_list=&#8221;Loja Varejista&#8221;][tz_list_meetup_item icon_font=&#8221;fa-check&#8221; color_icon_font=&#8221;#939393&#8243; title_list=&#8221;Empresas de constru\u00e7\u00e3o&#8221;][tz_list_meetup_item icon_font=&#8221;fa-check&#8221; color_icon_font=&#8221;#939393&#8243; title_list=&#8221;Consultoria&#8221;][tz_list_meetup_item icon_font=&#8221;fa-check&#8221; color_icon_font=&#8221;#939393&#8243; title_list=&#8221;Dep\u00f3sito Industrial&#8221;][tz_list_meetup_item icon_font=&#8221;fa-check&#8221; color_icon_font=&#8221;#939393&#8243; title_list=&#8221;Ind\u00fastria [&hellip;]<\/p>\n","protected":false},"author":1,"featured_media":0,"parent":0,"menu_order":0,"comment_status":"closed","ping_status":"closed","template":"","meta":{"_joinchat":[],"footnotes":""},"class_list":["post-5057","page","type-page","status-publish","hentry"],"_links":{"self":[{"href":"https:\/\/www.expologisti-k.com.ar\/br\/wp-json\/wp\/v2\/pages\/5057","targetHints":{"allow":["GET"]}}],"collection":[{"href":"https:\/\/www.expologisti-k.com.ar\/br\/wp-json\/wp\/v2\/pages"}],"about":[{"href":"https:\/\/www.expologisti-k.com.ar\/br\/wp-json\/wp\/v2\/types\/page"}],"author":[{"embeddable":true,"href":"https:\/\/www.expologisti-k.com.ar\/br\/wp-json\/wp\/v2\/users\/1"}],"replies":[{"embeddable":true,"href":"https:\/\/www.expologisti-k.com.ar\/br\/wp-json\/wp\/v2\/comments?post=5057"}],"version-history":[{"count":3,"href":"https:\/\/www.expologisti-k.com.ar\/br\/wp-json\/wp\/v2\/pages\/5057\/revisions"}],"predecessor-version":[{"id":9531,"href":"https:\/\/www.expologisti-k.com.ar\/br\/wp-json\/wp\/v2\/pages\/5057\/revisions\/9531"}],"wp:attachment":[{"href":"https:\/\/www.expologisti-k.com.ar\/br\/wp-json\/wp\/v2\/media?parent=5057"}],"curies":[{"name":"wp","href":"https:\/\/api.w.org\/{rel}","templated":true}]}}