{"id":5304,"date":"2018-01-12T14:07:38","date_gmt":"2018-01-12T14:07:38","guid":{"rendered":"http:\/\/www.expologisti-k.com.ar\/videos\/"},"modified":"2023-10-24T17:27:20","modified_gmt":"2023-10-24T20:27:20","slug":"videos","status":"publish","type":"page","link":"https:\/\/www.expologisti-k.com.ar\/br\/videos\/","title":{"rendered":"Videos"},"content":{"rendered":"<div class=\"wpb-content-wrapper\"><p>[vc_row][vc_column]\r\n    <div class=\"tz_maniva_meetup_title  tz_text_align_center\">\r\n\r\n        \r\n            <h3 style=\"color:#f47a20\">\r\n                V\u00eddeo da \u00faltima edi\u00e7\u00e3o            <\/h3>\r\n\r\n                \r\n                \r\n        \r\n        \r\n    <\/div>\r\n\r\n    [vc_empty_space][\/vc_column][\/vc_row][vc_row][vc_column][vc_separator color=&#8221;orange&#8221;][\/vc_column][\/vc_row][vc_row][vc_column][vc_empty_space][\/vc_column][\/vc_row][vc_row][vc_column][vc_video link=&#8221;https:\/\/youtu.be\/Lsw1Leb7mMc&#8221; el_width=&#8221;70&#8243; align=&#8221;center&#8221;][\/vc_column][\/vc_row][vc_row][vc_column][vc_column_text]<\/p>\n<p>&nbsp;[\/vc_column_text][\/vc_column][\/vc_row]<\/p>\n<\/div>","protected":false},"excerpt":{"rendered":"<p>[vc_row][vc_column][vc_empty_space][\/vc_column][\/vc_row][vc_row][vc_column][vc_separator color=&#8221;orange&#8221;][\/vc_column][\/vc_row][vc_row][vc_column][vc_empty_space][\/vc_column][\/vc_row][vc_row][vc_column][vc_video link=&#8221;https:\/\/youtu.be\/Lsw1Leb7mMc&#8221; el_width=&#8221;70&#8243; align=&#8221;center&#8221;][\/vc_column][\/vc_row][vc_row][vc_column][vc_column_text] &nbsp;[\/vc_column_text][\/vc_column][\/vc_row]<\/p>\n","protected":false},"author":2,"featured_media":0,"parent":0,"menu_order":0,"comment_status":"closed","ping_status":"closed","template":"","meta":{"_joinchat":[],"footnotes":""},"class_list":["post-5304","page","type-page","status-publish","hentry"],"_links":{"self":[{"href":"https:\/\/www.expologisti-k.com.ar\/br\/wp-json\/wp\/v2\/pages\/5304","targetHints":{"allow":["GET"]}}],"collection":[{"href":"https:\/\/www.expologisti-k.com.ar\/br\/wp-json\/wp\/v2\/pages"}],"about":[{"href":"https:\/\/www.expologisti-k.com.ar\/br\/wp-json\/wp\/v2\/types\/page"}],"author":[{"embeddable":true,"href":"https:\/\/www.expologisti-k.com.ar\/br\/wp-json\/wp\/v2\/users\/2"}],"replies":[{"embeddable":true,"href":"https:\/\/www.expologisti-k.com.ar\/br\/wp-json\/wp\/v2\/comments?post=5304"}],"version-history":[{"count":1,"href":"https:\/\/www.expologisti-k.com.ar\/br\/wp-json\/wp\/v2\/pages\/5304\/revisions"}],"predecessor-version":[{"id":8973,"href":"https:\/\/www.expologisti-k.com.ar\/br\/wp-json\/wp\/v2\/pages\/5304\/revisions\/8973"}],"wp:attachment":[{"href":"https:\/\/www.expologisti-k.com.ar\/br\/wp-json\/wp\/v2\/media?parent=5304"}],"curies":[{"name":"wp","href":"https:\/\/api.w.org\/{rel}","templated":true}]}}